{"id":2775,"date":"2023-02-01T09:41:02","date_gmt":"2023-02-01T08:41:02","guid":{"rendered":"https:\/\/sparksoft.hu\/?page_id=2775"},"modified":"2023-02-03T15:09:10","modified_gmt":"2023-02-03T14:09:10","slug":"workshop","status":"publish","type":"page","link":"https:\/\/sparksoft.hu\/index.php\/workshop\/","title":{"rendered":"workshop"},"content":{"rendered":"<p>[et_pb_section fb_built=&#8221;1&#8243; custom_padding_last_edited=&#8221;on|desktop&#8221; next_background_color=&#8221;#ffffff&#8221; admin_label=&#8221;Header&#8221; _builder_version=&#8221;4.19.3&#8243; background_color=&#8221;#8325e8&#8243; background_image=&#8221;http:\/\/sparksoft.hu\/wp-content\/uploads\/2022\/02\/marketing-bg6.png&#8221; parallax=&#8221;on&#8221; custom_padding=&#8221;7vw||7vw||false|false&#8221; custom_padding_tablet=&#8221;100px||100px||true&#8221; custom_padding_phone=&#8221;||||true&#8221; bottom_divider_style=&#8221;ramp2&#8243; bottom_divider_height=&#8221;250px&#8221; bottom_divider_flip=&#8221;horizontal&#8221; bottom_divider_height_tablet=&#8221;150px&#8221; bottom_divider_height_phone=&#8221;110px&#8221; bottom_divider_height_last_edited=&#8221;on|phone&#8221; saved_tabs=&#8221;all&#8221; global_colors_info=&#8221;{}&#8221;][et_pb_row _builder_version=&#8221;4.16&#8243; global_colors_info=&#8221;{}&#8221;][et_pb_column type=&#8221;4_4&#8243; _builder_version=&#8221;4.16&#8243; custom_padding=&#8221;|||&#8221; global_colors_info=&#8221;{}&#8221; custom_padding__hover=&#8221;|||&#8221;][et_pb_text _builder_version=&#8221;4.19.3&#8243; _module_preset=&#8221;default&#8221; text_font=&#8221;Ubuntu|700|||||||&#8221; text_text_color=&#8221;#FFFFFF&#8221; text_font_size=&#8221;53px&#8221; text_letter_spacing=&#8221;9px&#8221; link_option_url=&#8221;https:\/\/sparksoft.hu\/index.php\/blog\/&#8221; global_colors_info=&#8221;{}&#8221;]<\/p>\n<p style=\"text-align: center;\">BLOG<\/p>\n<p>[\/et_pb_text][\/et_pb_column][\/et_pb_row][\/et_pb_section][et_pb_section fb_built=&#8221;1&#8243; specialty=&#8221;on&#8221; _builder_version=&#8221;4.19.3&#8243; _module_preset=&#8221;default&#8221; custom_padding=&#8221;14px|||||&#8221; global_colors_info=&#8221;{}&#8221;][et_pb_column type=&#8221;3_4&#8243; specialty_columns=&#8221;3&#8243; _builder_version=&#8221;4.16&#8243; custom_padding=&#8221;|||&#8221; global_colors_info=&#8221;{}&#8221; custom_padding__hover=&#8221;|||&#8221;][et_pb_row_inner _builder_version=&#8221;4.19.3&#8243; _module_preset=&#8221;default&#8221; background_color=&#8221;#FFFFFF&#8221; width=&#8221;100%&#8221; custom_margin=&#8221;|-6px||||&#8221; custom_padding=&#8221;47px|37px|100px|37px|false|false&#8221; border_width_all=&#8221;1px&#8221; border_color_all=&#8221;rgba(0,0,0,0.12)&#8221; box_shadow_style=&#8221;preset1&#8243; global_colors_info=&#8221;{}&#8221;][et_pb_column_inner saved_specialty_column_type=&#8221;3_4&#8243; _builder_version=&#8221;4.16&#8243; _module_preset=&#8221;default&#8221; global_colors_info=&#8221;{}&#8221;][et_pb_text _builder_version=&#8221;4.16&#8243; text_font=&#8221;||||||||&#8221; text_font_size=&#8221;16px&#8221; text_line_height=&#8221;2em&#8221; ul_font=&#8221;||||||||&#8221; header_font=&#8221;||||||||&#8221; header_2_font=&#8221;Roboto|700|||||||&#8221; header_2_font_size=&#8221;45px&#8221; header_2_line_height=&#8221;1.2em&#8221; header_3_font=&#8221;||||||||&#8221; text_orientation=&#8221;center&#8221; max_width=&#8221;800px&#8221; max_width_last_edited=&#8221;off|desktop&#8221; module_alignment=&#8221;center&#8221; custom_margin=&#8221;||18px||false|false&#8221; custom_padding=&#8221;|||&#8221; header_2_font_size_tablet=&#8221;35px&#8221; header_2_font_size_phone=&#8221;28px&#8221; header_2_font_size_last_edited=&#8221;on|phone&#8221; border_width_bottom=&#8221;3px&#8221; global_colors_info=&#8221;{}&#8221;]<\/p>\n<h1 style=\"text-align: left\"><strong><span style=\"color: #424242\">WORKSHOP 2022<\/span><\/strong><\/h1>\n<p style=\"text-align: left\"><span style=\"color: #424242\">2022.08.18.<\/span><\/p>\n<p>[\/et_pb_text][et_pb_text _builder_version=&#8221;4.16&#8243; text_font=&#8221;||||||||&#8221; text_font_size=&#8221;16px&#8221; text_line_height=&#8221;2em&#8221; ul_font=&#8221;||||||||&#8221; header_font=&#8221;||||||||&#8221; header_2_font=&#8221;Roboto|700|||||||&#8221; header_2_font_size=&#8221;45px&#8221; header_2_line_height=&#8221;1.2em&#8221; header_3_font=&#8221;||||||||&#8221; max_width=&#8221;800px&#8221; max_width_last_edited=&#8221;off|desktop&#8221; module_alignment=&#8221;center&#8221; custom_margin=&#8221;10px|||||&#8221; custom_padding=&#8221;|||&#8221; header_2_font_size_tablet=&#8221;35px&#8221; header_2_font_size_phone=&#8221;28px&#8221; header_2_font_size_last_edited=&#8221;on|desktop&#8221; global_colors_info=&#8221;{}&#8221;]<\/p>\n<p><span>A tegnapi napon c\u00e9ges workshopot rendezt\u00fcnk az \u00e9rdekl\u0151d\u0151knek az E\u00f6tv\u00f6s10 rendezv\u00e9nyk\u00f6zpontban. Rem\u00e9lj\u00fck Ti is annyira \u00e9lvezt\u00e9tek a tegnapi el\u0151ad\u00e1sokat, mint amennyire mi, hogy tal\u00e1lkozhattunk veletek! Sokat k\u00e9sz\u00fclt\u00fcnk r\u00e1, hogy a leg\u00e9rt\u00e9kesebb szakmai ismereteket adjuk \u00e1t sz\u00e1motokra, de az\u00e9rt az \u00e9rdekl\u0151d\u00e9s\u00e9rt (\u00e9s hangulat\u00e9rt) amit tegnap l\u00e1ttunk teljesen meg\u00e9rte. Mi itt a Sparksoftn\u00e1l \u00fagy gondoljuk, hogy a fejl\u0151d\u00e9s kulcsa, ha folyamatosan gyarap\u00edtjuk tud\u00e1sunkat, \u00e9s tegnap \u00f6r\u00f6m volt l\u00e1tni, hogy ezzel nem vagyunk egyed\u00fcl!<\/span><\/p>\n<p>[\/et_pb_text][et_pb_image src=&#8221;http:\/\/sparksoft.hu\/wp-content\/uploads\/2022\/11\/attila-scaled.jpg&#8221; title_text=&#8221;Nyers Attila: Cloud&#8221; _builder_version=&#8221;4.19.3&#8243; _module_preset=&#8221;default&#8221; module_alignment=&#8221;center&#8221; min_height=&#8221;311px&#8221; global_colors_info=&#8221;{}&#8221;][\/et_pb_image][et_pb_text _builder_version=&#8221;4.16&#8243; text_font=&#8221;||||||||&#8221; text_font_size=&#8221;16px&#8221; text_line_height=&#8221;2em&#8221; ul_font=&#8221;||||||||&#8221; header_font=&#8221;||||||||&#8221; header_2_font=&#8221;Roboto|700|||||||&#8221; header_2_font_size=&#8221;45px&#8221; header_2_line_height=&#8221;1.2em&#8221; header_3_font=&#8221;||||||||&#8221; max_width=&#8221;800px&#8221; max_width_last_edited=&#8221;off|desktop&#8221; module_alignment=&#8221;center&#8221; custom_margin=&#8221;|||137px||&#8221; custom_padding=&#8221;|||&#8221; header_2_font_size_tablet=&#8221;35px&#8221; header_2_font_size_phone=&#8221;28px&#8221; header_2_font_size_last_edited=&#8221;on|desktop&#8221; global_colors_info=&#8221;{}&#8221;]<\/p>\n<p><span>El\u0151sz\u00f6r v\u00e1llalatunk CEO-ja \u00e1ltal kalandozhattunk a felh\u0151 alap\u00fa szoftverfejleszt\u00e9s vil\u00e1g\u00e1ban. Sz\u00f3 volt a &#8230;<\/span><\/p>\n<p>[\/et_pb_text][et_pb_image src=&#8221;http:\/\/sparksoft.hu\/wp-content\/uploads\/2022\/11\/mino2-scaled.jpg&#8221; title_text=&#8221;mino2&#8243; _builder_version=&#8221;4.19.3&#8243; _module_preset=&#8221;default&#8221; module_alignment=&#8221;center&#8221; global_colors_info=&#8221;{}&#8221;][\/et_pb_image][et_pb_text _builder_version=&#8221;4.16&#8243; text_font=&#8221;||||||||&#8221; text_font_size=&#8221;16px&#8221; text_line_height=&#8221;2em&#8221; ul_font=&#8221;||||||||&#8221; header_font=&#8221;||||||||&#8221; header_2_font=&#8221;Roboto|700|||||||&#8221; header_2_font_size=&#8221;45px&#8221; header_2_line_height=&#8221;1.2em&#8221; header_3_font=&#8221;||||||||&#8221; max_width=&#8221;800px&#8221; max_width_last_edited=&#8221;off|desktop&#8221; module_alignment=&#8221;center&#8221; custom_margin=&#8221;|||&#8221; custom_padding=&#8221;||0px|||&#8221; header_2_font_size_tablet=&#8221;35px&#8221; header_2_font_size_phone=&#8221;28px&#8221; header_2_font_size_last_edited=&#8221;on|desktop&#8221; global_colors_info=&#8221;{}&#8221;]<\/p>\n<p><span>\u00c1rmin koll\u00e9g\u00e1nk el\u0151ad\u00e1sa r\u00e9v\u00e9n betekint\u00e9st nyert\u00fcnk a Kubernetes&#8230;<\/span><\/p>\n<p>[\/et_pb_text][et_pb_image src=&#8221;http:\/\/sparksoft.hu\/wp-content\/uploads\/2022\/11\/ricsi1.3-scaled.jpg&#8221; title_text=&#8221;ricsi1.3&#8243; _builder_version=&#8221;4.19.3&#8243; _module_preset=&#8221;default&#8221; module_alignment=&#8221;center&#8221; global_colors_info=&#8221;{}&#8221;][\/et_pb_image][et_pb_text _builder_version=&#8221;4.16&#8243; text_font=&#8221;||||||||&#8221; text_font_size=&#8221;16px&#8221; text_line_height=&#8221;2em&#8221; ul_font=&#8221;||||||||&#8221; header_font=&#8221;||||||||&#8221; header_2_font=&#8221;Roboto|700|||||||&#8221; header_2_font_size=&#8221;45px&#8221; header_2_line_height=&#8221;1.2em&#8221; header_3_font=&#8221;||||||||&#8221; max_width=&#8221;800px&#8221; max_width_last_edited=&#8221;off|desktop&#8221; module_alignment=&#8221;center&#8221; custom_margin=&#8221;|||&#8221; custom_padding=&#8221;|||&#8221; header_2_font_size_tablet=&#8221;35px&#8221; header_2_font_size_phone=&#8221;28px&#8221; header_2_font_size_last_edited=&#8221;on|desktop&#8221; global_colors_info=&#8221;{}&#8221;]<\/p>\n<p>V\u00e9gezet\u00fcl \u00fczletfejleszt\u00e9si menedzser\u00fcnk mes\u00e9lt nektek karrierprogramunkr\u00f3l, valamint v\u00e1llalatunk eddigi bej\u00e1rt \u00fatj\u00e1r\u00f3l. (Esetleg m\u00e9g ide: Sparksoftos k\u00f6z\u00f6ss\u00e9gr\u0151l \/ a spakrsoftos mindennapokr\u00f3l)<\/p>\n<p>&nbsp;<\/p>\n<p>[\/et_pb_text][\/et_pb_column_inner][\/et_pb_row_inner][\/et_pb_column][et_pb_column type=&#8221;1_4&#8243; _builder_version=&#8221;4.16&#8243; custom_padding=&#8221;|||&#8221; global_colors_info=&#8221;{}&#8221; custom_padding__hover=&#8221;|||&#8221;][et_pb_search _builder_version=&#8221;4.19.3&#8243; _module_preset=&#8221;default&#8221; button_font=&#8221;Ubuntu||||||||&#8221; custom_margin=&#8221;-30px|||||&#8221; border_color_all=&#8221;#8300E9&#8243; box_shadow_style=&#8221;preset3&#8243; box_shadow_color=&#8221;rgba(127,127,127,0.61)&#8221; global_colors_info=&#8221;{}&#8221;][\/et_pb_search][et_pb_testimonial url=&#8221;https:\/\/sparksoft.hu\/index.php\/biztonsagosinternetnapja\/&#8221; portrait_url=&#8221;http:\/\/sparksoft.hu\/wp-content\/uploads\/2023\/02\/BIZTONSAGOS-INTERNET-NAPJA.png&#8221; quote_icon=&#8221;off&#8221; quote_icon_color=&#8221;#b5b5b5&#8243; quote_icon_background_color=&#8221;#ffffff&#8221; portrait_width=&#8221;120px&#8221; portrait_height=&#8221;120px&#8221; _builder_version=&#8221;4.19.3&#8243; body_font=&#8221;||||||||&#8221; body_line_height=&#8221;1.4em&#8221; company_text_color=&#8221;#000000&#8243; company_font_size=&#8221;13px&#8221; company_line_height=&#8221;1.6em&#8221; background_color=&#8221;#ffffff&#8221; text_orientation=&#8221;center&#8221; width=&#8221;100%&#8221; min_height=&#8221;100px&#8221; height=&#8221;347px&#8221; max_height=&#8221;500px&#8221; custom_margin=&#8221;|19px|-21px|||&#8221; custom_padding=&#8221;16px|22px|16px|22px|true|true&#8221; link_option_url=&#8221;https:\/\/sparksoft.hu\/index.php\/biztonsagosinternetnapja\/&#8221; hover_enabled=&#8221;0&#8243; border_radii=&#8221;on|10px|10px|10px|10px&#8221; border_radii_portrait=&#8221;on|20px|20px|20px|20px&#8221; border_color_all_portrait=&#8221;#ffffff&#8221; box_shadow_style=&#8221;preset1&#8243; box_shadow_color=&#8221;rgba(0,0,0,0.34)&#8221; global_colors_info=&#8221;{}&#8221; sticky_enabled=&#8221;0&#8243; title_text=&#8221;BIZTONS\u00c1GOS INTERNET NAPJA&#8221;]<\/p>\n<h6 style=\"text-align: center;\"><strong>BIZTONS\u00c1GOS INTERNET NAPJA<\/strong><\/h6>\n<h6 style=\"text-align: left;\"><em>2023.02.05<\/em><br \/><span><\/span><\/h6>\n<p style=\"text-align: left;\">A mai a biztons\u00e1gos Internet vil\u00e1gnapja. Ahhoz, hogy a Vil\u00e1gh\u00e1l\u00f3t mindenki min\u00e9l biztons\u00e1gosabban haszn\u00e1lhassa, mi is szeretn\u00e9nk &#8230;<\/p>\n<p>[\/et_pb_testimonial][et_pb_social_media_follow icon_color=&#8221;#FFFFFF&#8221; _builder_version=&#8221;4.19.3&#8243; _module_preset=&#8221;default&#8221; width=&#8221;32%&#8221; max_width=&#8221;32%&#8221; module_alignment=&#8221;center&#8221; custom_margin=&#8221;45px|||32px|false|false&#8221; box_shadow_style=&#8221;preset3&#8243; global_colors_info=&#8221;{}&#8221;][et_pb_social_media_follow_network social_network=&#8221;facebook&#8221; url=&#8221;https:\/\/www.facebook.com\/sparksoft.hu\/&#8221; _builder_version=&#8221;4.19.3&#8243; _module_preset=&#8221;default&#8221; background_color=&#8221;#3b5998&#8243; global_colors_info=&#8221;{}&#8221; follow_button=&#8221;off&#8221; url_new_window=&#8221;on&#8221;]facebook[\/et_pb_social_media_follow_network][et_pb_social_media_follow_network social_network=&#8221;linkedin&#8221; url=&#8221;https:\/\/hu.linkedin.com\/company\/sparksoft-hu?trk=organization_guest_main-feed-card_feed-actor-name&#8221; icon_color=&#8221;#FFFFFF&#8221; _builder_version=&#8221;4.19.3&#8243; _module_preset=&#8221;default&#8221; background_color=&#8221;#007bb6&#8243; global_colors_info=&#8221;{}&#8221; follow_button=&#8221;off&#8221; url_new_window=&#8221;on&#8221;]linkedin[\/et_pb_social_media_follow_network][\/et_pb_social_media_follow][\/et_pb_column][\/et_pb_section][et_pb_section fb_built=&#8221;1&#8243; custom_padding_last_edited=&#8221;on|desktop&#8221; prev_background_color=&#8221;#ffffff&#8221; admin_label=&#8221;Call to action&#8221; _builder_version=&#8221;4.19.3&#8243; background_color=&#8221;#8325e8&#8243; background_image=&#8221;http:\/\/sparksoft.hu\/wp-content\/uploads\/2022\/02\/marketing-bg6.png&#8221; parallax=&#8221;on&#8221; custom_padding=&#8221;0vw||13vw||false|false&#8221; custom_padding_tablet=&#8221;100px||100px||true&#8221; custom_padding_phone=&#8221;||||true&#8221; top_divider_style=&#8221;ramp2&#8243; top_divider_height=&#8221;250px&#8221; top_divider_flip=&#8221;vertical&#8221; top_divider_height_tablet=&#8221;150px&#8221; top_divider_height_phone=&#8221;110px&#8221; top_divider_height_last_edited=&#8221;on|phone&#8221; saved_tabs=&#8221;all&#8221; global_colors_info=&#8221;{}&#8221;][\/et_pb_section]<\/p>\n","protected":false},"excerpt":{"rendered":"<p>BLOGWORKSHOP 2022 2022.08.18.A tegnapi napon c\u00e9ges workshopot rendezt\u00fcnk az \u00e9rdekl\u0151d\u0151knek az E\u00f6tv\u00f6s10 rendezv\u00e9nyk\u00f6zpontban. Rem\u00e9lj\u00fck Ti is annyira \u00e9lvezt\u00e9tek a tegnapi el\u0151ad\u00e1sokat, mint amennyire mi, hogy tal\u00e1lkozhattunk veletek! Sokat k\u00e9sz\u00fclt\u00fcnk r\u00e1, hogy a leg\u00e9rt\u00e9kesebb szakmai ismereteket adjuk \u00e1t sz\u00e1motokra, de az\u00e9rt az \u00e9rdekl\u0151d\u00e9s\u00e9rt (\u00e9s hangulat\u00e9rt) amit tegnap l\u00e1ttunk teljesen meg\u00e9rte. Mi itt a Sparksoftn\u00e1l \u00fagy gondoljuk, [&hellip;]<\/p>\n","protected":false},"author":1,"featured_media":0,"parent":0,"menu_order":0,"comment_status":"closed","ping_status":"closed","template":"","meta":{"_et_pb_use_builder":"on","_et_pb_old_content":"","_et_gb_content_width":"","footnotes":""},"class_list":["post-2775","page","type-page","status-publish","hentry"],"_links":{"self":[{"href":"https:\/\/sparksoft.hu\/index.php\/wp-json\/wp\/v2\/pages\/2775","targetHints":{"allow":["GET"]}}],"collection":[{"href":"https:\/\/sparksoft.hu\/index.php\/wp-json\/wp\/v2\/pages"}],"about":[{"href":"https:\/\/sparksoft.hu\/index.php\/wp-json\/wp\/v2\/types\/page"}],"author":[{"embeddable":true,"href":"https:\/\/sparksoft.hu\/index.php\/wp-json\/wp\/v2\/users\/1"}],"replies":[{"embeddable":true,"href":"https:\/\/sparksoft.hu\/index.php\/wp-json\/wp\/v2\/comments?post=2775"}],"version-history":[{"count":10,"href":"https:\/\/sparksoft.hu\/index.php\/wp-json\/wp\/v2\/pages\/2775\/revisions"}],"predecessor-version":[{"id":2852,"href":"https:\/\/sparksoft.hu\/index.php\/wp-json\/wp\/v2\/pages\/2775\/revisions\/2852"}],"wp:attachment":[{"href":"https:\/\/sparksoft.hu\/index.php\/wp-json\/wp\/v2\/media?parent=2775"}],"curies":[{"name":"wp","href":"https:\/\/api.w.org\/{rel}","templated":true}]}}